{"id":7769,"date":"2021-11-01T14:55:27","date_gmt":"2021-11-01T17:55:27","guid":{"rendered":"https:\/\/uniodontocampinas.com.br\/?page_id=7769"},"modified":"2022-09-29T23:25:25","modified_gmt":"2022-09-30T02:25:25","slug":"planos-uniodonto-campinas","status":"publish","type":"page","link":"https:\/\/www.uniodontocampinas.com.br\/site\/planos-uniodonto-campinas\/","title":{"rendered":"Planos Uniodonto Campinas"},"content":{"rendered":"\n<p class=\"has-text-align-center\">B\u00e1sico IV &#8211; \u00d3rg\u00e3os P\u00fablicos (469.063\/13-0)<br>Plano B\u00e1sico PME (464.583\/11-9)<br>PLANO B\u00c1SICO 1 (401.799\/99-4)<br>PLANO B\u00c1SICO 10 &#8211; CUSTO OPERACIONAL (429.073\/00-9)<br>Plano B\u00e1sico 11 &#8211; CO Ade (463.583\/10-3)<br>PLANO B\u00c1SICO 11 &#8211; CUSTO OPERACIONAL (429.074\/00-7)<br>PLANO B\u00c1SICO 2 (401.800\/99-1)<br>PLANO B\u00c1SICO 2 + DOC (482.813\/19-5)<br>PLANO B\u00c1SICO 2 + DOC &#8211; CA (485.964\/20-2)<br>Plano B\u00e1sico 3 Ade (463.578\/10-7)<br>PLANO BEM ESTAR (486.887\/20-1)<br>PLANO BEM ESTAR &#8211; PF (488.201\/21-6)<br>PLANO CONFIAN\u00c7A (486.889\/20-7)<br>PLANO EQUIL\u00cdBRIO (486.883\/20-8)<br>PLANO EQUIL\u00cdBRIO COM REEMBOLSO (489.581\/21-9)<br>PLANO EXCLUSIVO (486.884\/20-6)<br>PLANO EXCLUSIVO COM REEMBOLSO (489.580\/21-1)<br>PLANO HARMONIA (486.885\/20-4)<br>PLANO HARMONIA COM REEMBOLSO (489.579\/21-7)<br>PLANO IDEAL (486.888\/20-9)<br>PLANO IDEAL &#8211; PF (488.202\/21-4)<br>PLANO KIDS (486.890\/20-1)<br>PLANO KIDS &#8211; PF (488.203\/21-2)<br>PLANO MAIS (486.886\/20-2)<br>PLANO MAIS COM REEMBOLSO (489.631\/21-9)<br>Plano R Especial (482.373\/19-7)<br>PLANO R 2002 (437.611\/02-1)<br>Plano Super A (463.655\/10-4)<br>Plano Super J (463.653\/10-8)<br>Plano Super O (463.654\/10-6)<br>Plano UniCoPar &#8220;R&#8221; Ade (463.580\/10-9)<br>Plano UniCoPar &#8220;R&#8221; Ade 2 (463.656\/10-2)<br>Plano UniCoPar &#8220;R&#8221; Emp (443.049\/03-2)<br>Plano UniMis &#8220;Den&#8221; Emp (429.075\/00-5)<br>Plano UniMis &#8220;Endo&#8221; Emp (443.051\/03-4)<br>Plano UniMis &#8220;Perio&#8221; Emp (452.759\/04-3)<br>PLANO UNIOMASTER &#8220;A1&#8221; (485.090\/20-4)<br>PLANO UNIOMASTER &#8220;D3&#8221; (485.091\/20-2)<br>PLANO UNIOMASTER ESPECIAL 1 (436.496\/01-1)<br>Plano Uniomaster Especial 2 Ade (463.581\/10-7)<br>PLANO UNIOMASTER ESPECIAL 3 (483.079\/19-2)<br>PLANO UNIOMASTER ESPECIAL 4 (483.081\/19-4)<br>PLANO UNIOMASTER ESPECIAL 4 &#8211; ADE (486.165\/20-5)<br>Plano Uniomaster Super A Ade (463.582\/10-5)<br>PLANO UNIOMASTER TOP 5 (483.080\/19-6)<br>Plano Uniomaster 2 Ade (463.579\/10-5)<br>Plano UniOrtAde (482.981\/19-6)<br>Plano UniOrtoEmp (401.801\/99-0)<br>Plano UniOrtoProEmp (436.497\/01-0)<br>Plano UniPlusEmp (439.732\/02-1)<br>Plano UniR\u00e1dioEmp (422.491\/99-4)<br>UNIOMASTER SUPER A (439.731\/02-2)<br>UNIOMASTER 1 (422.487\/99-6)<\/p>\n","protected":false},"excerpt":{"rendered":"<p>B\u00e1sico IV &#8211; \u00d3rg\u00e3os P\u00fablicos (469.063\/13-0)Plano B\u00e1sico PME (464.583\/11-9)PLANO B\u00c1SICO 1 (401.799\/99-4)PLANO B\u00c1SICO 10 &#8211; CUSTO OPERACIONAL (429.073\/00-9)Plano B\u00e1sico 11 &#8211; CO Ade (463.583\/10-3)PLANO B\u00c1SICO 11 &#8211; CUSTO OPERACIONAL (429.074\/00-7)PLANO B\u00c1SICO 2 (401.800\/99-1)PLANO B\u00c1SICO 2 + DOC (482.813\/19-5)PLANO B\u00c1SICO 2 + DOC &#8211; CA (485.964\/20-2)Plano B\u00e1sico 3 Ade (463.578\/10-7)PLANO BEM ESTAR (486.887\/20-1)PLANO BEM ESTAR &#8211; [&hellip;]<\/p>\n","protected":false},"author":1,"featured_media":0,"parent":0,"menu_order":0,"comment_status":"closed","ping_status":"closed","template":"","meta":{"_acf_changed":false,"inline_featured_image":false,"footnotes":""},"class_list":["post-7769","page","type-page","status-publish","hentry"],"acf":[],"_links":{"self":[{"href":"https:\/\/www.uniodontocampinas.com.br\/site\/wp-json\/wp\/v2\/pages\/7769","targetHints":{"allow":["GET"]}}],"collection":[{"href":"https:\/\/www.uniodontocampinas.com.br\/site\/wp-json\/wp\/v2\/pages"}],"about":[{"href":"https:\/\/www.uniodontocampinas.com.br\/site\/wp-json\/wp\/v2\/types\/page"}],"author":[{"embeddable":true,"href":"https:\/\/www.uniodontocampinas.com.br\/site\/wp-json\/wp\/v2\/users\/1"}],"replies":[{"embeddable":true,"href":"https:\/\/www.uniodontocampinas.com.br\/site\/wp-json\/wp\/v2\/comments?post=7769"}],"version-history":[{"count":0,"href":"https:\/\/www.uniodontocampinas.com.br\/site\/wp-json\/wp\/v2\/pages\/7769\/revisions"}],"wp:attachment":[{"href":"https:\/\/www.uniodontocampinas.com.br\/site\/wp-json\/wp\/v2\/media?parent=7769"}],"curies":[{"name":"wp","href":"https:\/\/api.w.org\/{rel}","templated":true}]}}