{"id":73,"date":"2019-10-28T12:01:13","date_gmt":"2019-10-28T14:01:13","guid":{"rendered":"http:\/\/localhost\/wagner\/po-000080-uniodonto-campinas\/?page_id=73"},"modified":"2024-06-20T10:01:23","modified_gmt":"2024-06-20T13:01:23","slug":"plantao-24h","status":"publish","type":"page","link":"https:\/\/www.uniodontocampinas.com.br\/site\/plantao-24h\/","title":{"rendered":"Plant\u00e3o 24h"},"content":{"rendered":"\n<p class=\"has-text-align-center\">Al\u00e9m da qualidade de seus servi\u00e7os e profissionais altamente capacitados, um dos diferenciais da Uniodonto Campinas \u00e9 oferecer a seus benefici\u00e1rios todo o conforto e tranquilidade na hora que eles mais precisam.<\/p>\n\n\n\n<h3 class=\"wp-block-heading has-text-align-center\"><strong>Os seguintes atos odontol\u00f3gicos s\u00e3o atendidos no Plant\u00e3o 24Horas:<\/strong><\/h3>\n\n\n\n<p><\/p>\n\n\n\n<div class=\"wp-block-columns is-layout-flex wp-container-core-columns-is-layout-9d6595d7 wp-block-columns-is-layout-flex\">\n<div class=\"wp-block-column is-layout-flow wp-block-column-is-layout-flow\">\n<p>Colagem de Fragmentos Dent\u00e1rios;<br>Tratamento de Odontalgia Aguda (Dor Aguda);<br>Controle de Hemorragia com ou sem Aplica\u00e7\u00e3o de Agente Hemost\u00e1tico;<br>Incis\u00e3o e Drenagem (Intra ou Extra Oral) de Abscesso;<br>Hematoma ou Flegm\u00e3o da Regi\u00e3o Buco-Maxilo-Facial;<br>Imobiliza\u00e7\u00e3o Dent\u00e1ria;<br>Recimenta\u00e7\u00e3o de Pe\u00e7a\/Trabalho Prot\u00e9tico;<br>Redu\u00e7\u00e3o de Luxa\u00e7\u00e3o da ATM;<\/p>\n<\/div>\n\n\n\n<div class=\"wp-block-column is-layout-flow wp-block-column-is-layout-flow\">\n<p>Reimplante de Dente Avulsionado com Conten\u00e7\u00e3o;<br>Hemorragias;<br>Sutura de Ferida Buco-Maxilo-Facial;<br>Tratamento de Abscesso Periodontal;<br>Tratamento de Alveolite;<br>Fraturas Dentais est\u00e9ticas em dentes anteriores (Da Frente);<br>Curativos tempor\u00e1rios em dentes posteriores (De tr\u00e1s);<br>Traumatismos por aparelhos, restaura\u00e7\u00f5es altas, etc.<\/p>\n<\/div>\n<\/div>\n\n\n\n<h2 class=\"wp-block-heading\">Aten\u00e7\u00e3o:<\/h2>\n\n\n\n<p>N\u00e3o s\u00e3o realizados atendimentos de problemas com implantes e cirurgias eletivas (programadas);<\/p>\n\n\n\n<p>Ap\u00f3s seu atendimento, procure o mais breve poss\u00edvel seu cirurgi\u00e3o-dentista ou entre no site da Uniodonto Campinas e veja a rela\u00e7\u00e3o de profissionais em:<\/p>\n\n\n\n<p>www.uniodontocampinas.com.br\/procure-seu-dentista\/<\/p>\n\n\n\n<h2 class=\"wp-block-heading\"><em>Conhe\u00e7a nossos hor\u00e1rios de maior movimento e tempo de espera.<\/em><\/h2>\n\n\n\n<figure class=\"wp-block-table\">\n    <table style=\"border-collapse: collapse;\">\n        <thead>\n            <tr>\n                <th style=\"background-color: #ffffff;\"> <\/th>\n                <th style=\"border: 1px solid #CDD1D3;\">Hor\u00e1rio<\/th>\n                <th style=\"border: 1px solid #CDD1D3;\">Descri\u00e7\u00e3o<\/th>\n                <th style=\"border: 1px solid #CDD1D3;\">Movimento<\/th>\n            <\/tr>\n        <\/thead>\n        <tbody>\n            \n            <tr style=\"padding: 10px;\">\n                <td style=\"background-color: #FAE522;\"> <\/td>\n                <td style=\"border: 1px solid #CDD1D3;\"><strong>6h \u00e0s 8h<\/strong><\/td>\n                <td style=\"border: 1px solid #CDD1D3;\">Per\u00edodo de movimento m\u00e9dio.<\/td>\n                <td style=\"border: 1px solid #CDD1D3; align: center;\"><img decoding=\"async\" src=\"https:\/\/uniodontocampinas.com.br\/site\/wp-content\/uploads\/2024\/06\/medio.svg\"><\/td>\n            <\/tr>\n            <tr style=\"padding: 10px;\">\n                <td style=\"background-color: #FF4330;\"> <\/td>\n                <td style=\"border: 1px solid #CDD1D3;\"><strong>8h \u00e0s 20h<\/strong><\/td>\n                <td style=\"border: 1px solid #CDD1D3;\">Faixa de maior movimento do dia.<\/td>\n                <td style=\"border: 1px solid #CDD1D3; align: center;\"><img decoding=\"async\" src=\"https:\/\/uniodontocampinas.com.br\/site\/wp-content\/uploads\/2024\/06\/alto.svg\"><\/td>\n            <\/tr>\n            <tr style=\"padding: 10px;\">\n                <td style=\"background-color: #FAE522;\"> <\/td>\n                <td style=\"border: 1px solid #CDD1D3;\"><strong>20h \u00e0s 22h<\/strong><\/td>\n                <td style=\"border: 1px solid #CDD1D3;\">Per\u00edodo de movimento m\u00e9dio, por\u00e9m com tempo de atendimento mais longo. Neste hor\u00e1rio costumamos receber casos mais graves.<\/td>\n                <td style=\"border: 1px solid #CDD1D3; align: center;\"><img decoding=\"async\" src=\"https:\/\/uniodontocampinas.com.br\/site\/wp-content\/uploads\/2024\/06\/medio.svg\"><\/td>\n            <\/tr>\n            <tr style=\"padding: 10px;\">\n                <td style=\"background-color: #82C400;\"> <\/td>\n                <td style=\"border: 1px solid #CDD1D3;\"><strong>22h \u00e0s 6h<\/strong><\/td>\n                <td style=\"border: 1px solid #CDD1D3;\">Movimento moderado.<\/td>\n                <td style=\"border: 1px solid #CDD1D3; align: center;\"><img decoding=\"async\" src=\"https:\/\/uniodontocampinas.com.br\/site\/wp-content\/uploads\/2024\/06\/baixo.svg\"><\/td>\n            <\/tr>\n            \n        <\/tbody>\n    <\/table>\n<\/figure>\n\n\n\n<blockquote class=\"wp-block-quote is-layout-flow wp-block-quote-is-layout-flow\">\n<p>Solicitamos que, sempre que poss\u00edvel, considere esses hor\u00e1rios ao planejar sua visita ao nosso Plant\u00e3o 24H. Caso tenha uma urg\u00eancia &nbsp;e precise de atendimento durante esses per\u00edodos, fique tranquilo(a), nossa equipe estar\u00e1 preparada para oferecer o melhor atendimento poss\u00edvel.<\/p>\n<\/blockquote>\n","protected":false},"excerpt":{"rendered":"<p>Al\u00e9m da qualidade de seus servi\u00e7os e profissionais altamente capacitados, um dos diferenciais da Uniodonto Campinas \u00e9 oferecer a seus benefici\u00e1rios todo o conforto e tranquilidade na hora que eles mais precisam. Os seguintes atos odontol\u00f3gicos s\u00e3o atendidos no Plant\u00e3o 24Horas: Colagem de Fragmentos Dent\u00e1rios;Tratamento de Odontalgia Aguda (Dor Aguda);Controle de Hemorragia com ou sem [&hellip;]<\/p>\n","protected":false},"author":1,"featured_media":0,"parent":0,"menu_order":0,"comment_status":"closed","ping_status":"closed","template":"tpl-on-call-24h.php","meta":{"_acf_changed":false,"inline_featured_image":false,"footnotes":""},"class_list":["post-73","page","type-page","status-publish","hentry"],"acf":[],"_links":{"self":[{"href":"https:\/\/www.uniodontocampinas.com.br\/site\/wp-json\/wp\/v2\/pages\/73","targetHints":{"allow":["GET"]}}],"collection":[{"href":"https:\/\/www.uniodontocampinas.com.br\/site\/wp-json\/wp\/v2\/pages"}],"about":[{"href":"https:\/\/www.uniodontocampinas.com.br\/site\/wp-json\/wp\/v2\/types\/page"}],"author":[{"embeddable":true,"href":"https:\/\/www.uniodontocampinas.com.br\/site\/wp-json\/wp\/v2\/users\/1"}],"replies":[{"embeddable":true,"href":"https:\/\/www.uniodontocampinas.com.br\/site\/wp-json\/wp\/v2\/comments?post=73"}],"version-history":[{"count":5,"href":"https:\/\/www.uniodontocampinas.com.br\/site\/wp-json\/wp\/v2\/pages\/73\/revisions"}],"predecessor-version":[{"id":117366,"href":"https:\/\/www.uniodontocampinas.com.br\/site\/wp-json\/wp\/v2\/pages\/73\/revisions\/117366"}],"wp:attachment":[{"href":"https:\/\/www.uniodontocampinas.com.br\/site\/wp-json\/wp\/v2\/media?parent=73"}],"curies":[{"name":"wp","href":"https:\/\/api.w.org\/{rel}","templated":true}]}}