{"id":4448,"date":"2021-03-10T14:07:38","date_gmt":"2021-03-10T17:07:38","guid":{"rendered":"https:\/\/uniodontocampinas.com.br\/?page_id=4448"},"modified":"2022-09-29T23:31:13","modified_gmt":"2022-09-30T02:31:13","slug":"politica-de-cookies","status":"publish","type":"page","link":"https:\/\/www.uniodontocampinas.com.br\/site\/politica-de-cookies\/","title":{"rendered":"Pol\u00edtica de Cookies"},"content":{"rendered":"\n<p class=\"has-text-align-left aaa\">O site <a href=\"https:\/\/uniodontocampinas.com.br\/\">https:\/\/uniodontocampinas.com.br\/<\/a> utiliza cookies para acompanhar as prefer\u00eancias dos usu\u00e1rios e dessa forma melhorar sua experi\u00eancia em cada visita. Neste sentido, para melhor compreens\u00e3o, explica-se que os cookies s\u00e3o pequenos arquivos de texto armazenados em seu navegador que permitem reconhecer suas prefer\u00eancias de navega\u00e7\u00e3o.<\/p>\n\n\n\n<p class=\"has-text-align-left\">Essas informa\u00e7\u00f5es ser\u00e3o salvas e, quando voc\u00ea visitar o nosso site novamente, ele reconhecer\u00e1 seu navegador e poder\u00e1 manter suas op\u00e7\u00f5es e prefer\u00eancias previamente marcadas, incluindo manter a sua conta conectada ou lembrar suas credenciais de cadastro. <\/p>\n\n\n\n<p class=\"has-text-align-left\">Mas fique tranquilo, os cookies geralmente t\u00eam uma data de expira\u00e7\u00e3o ou, ainda, voc\u00ea poder\u00e1 diretamente fazer sua gest\u00e3o. Al\u00e9m disso, vale dizer que alguns cookies s\u00e3o apagados automaticamente quando voc\u00ea fecha o navegador, enquanto outros devem ser exclu\u00eddos manualmente. <\/p>\n\n\n\n<p class=\"has-text-align-left\">A maioria dos aplicativos e navegadores da Internet aceitam cookies. Por isso, voc\u00ea pode, a qualquer momento, usar recursos do seu navegador para bloquear a instala\u00e7\u00e3o dos cookies ou para ser informado sobre quando est\u00e3o ativados. Favor observar que a maioria dos navegadores aceitam cookies automaticamente. Portanto, se voc\u00ea n\u00e3o quiser que cookies sejam utilizados, voc\u00ea talvez tenha que apagar ou bloquear cookies manualmente.<\/p>\n\n\n\n<p class=\"has-text-align-left\">Se voc\u00ea rejeitar a utiliza\u00e7\u00e3o de cookies, voc\u00ea poder\u00e1 visitar nosso website, mas algumas das fun\u00e7\u00f5es poder\u00e3o n\u00e3o funcionar corretamente.<\/p>\n\n\n\n<p class=\"has-text-align-left\">Ao utilizar o nosso website sem apagar ou rejeitar alguns ou todos os cookies, voc\u00ea concorda que podemos posicionar aqueles cookies que voc\u00ea n\u00e3o apagou ou rejeitou nos seus dispositivos.<\/p>\n\n\n<div class=\"wp-block-image\">\n<figure class=\"aligncenter size-large\"><img decoding=\"async\" width=\"115\" height=\"24\" src=\"https:\/\/uniodontocampinas.com.br\/site\/wp-content\/uploads\/2020\/04\/detail-bar.png\" alt=\"\" class=\"wp-image-1435\"\/><\/figure>\n<\/div>\n\n\n<p class=\"has-text-align-center has-text-color\" style=\"color:#00a6b0\"><strong>Os cookies utilizados no site<\/strong><br><a href=\"https:\/\/uniodontocampinas.com.br\/\">www.uniodontocampinas.com.br<\/a> <strong>s\u00e3o os seguintes:<\/strong><\/p>\n","protected":false},"excerpt":{"rendered":"<p>O site https:\/\/uniodontocampinas.com.br\/ utiliza cookies para acompanhar as prefer\u00eancias dos usu\u00e1rios e dessa forma melhorar sua experi\u00eancia em cada visita. Neste sentido, para melhor compreens\u00e3o, explica-se que os cookies s\u00e3o pequenos arquivos de texto armazenados em seu navegador que permitem reconhecer suas prefer\u00eancias de navega\u00e7\u00e3o. Essas informa\u00e7\u00f5es ser\u00e3o salvas e, quando voc\u00ea visitar o nosso [&hellip;]<\/p>\n","protected":false},"author":1,"featured_media":0,"parent":0,"menu_order":0,"comment_status":"closed","ping_status":"closed","template":"","meta":{"_acf_changed":false,"inline_featured_image":false,"footnotes":""},"class_list":["post-4448","page","type-page","status-publish","hentry"],"acf":[],"_links":{"self":[{"href":"https:\/\/www.uniodontocampinas.com.br\/site\/wp-json\/wp\/v2\/pages\/4448","targetHints":{"allow":["GET"]}}],"collection":[{"href":"https:\/\/www.uniodontocampinas.com.br\/site\/wp-json\/wp\/v2\/pages"}],"about":[{"href":"https:\/\/www.uniodontocampinas.com.br\/site\/wp-json\/wp\/v2\/types\/page"}],"author":[{"embeddable":true,"href":"https:\/\/www.uniodontocampinas.com.br\/site\/wp-json\/wp\/v2\/users\/1"}],"replies":[{"embeddable":true,"href":"https:\/\/www.uniodontocampinas.com.br\/site\/wp-json\/wp\/v2\/comments?post=4448"}],"version-history":[{"count":0,"href":"https:\/\/www.uniodontocampinas.com.br\/site\/wp-json\/wp\/v2\/pages\/4448\/revisions"}],"wp:attachment":[{"href":"https:\/\/www.uniodontocampinas.com.br\/site\/wp-json\/wp\/v2\/media?parent=4448"}],"curies":[{"name":"wp","href":"https:\/\/api.w.org\/{rel}","templated":true}]}}