{"id":244,"date":"2019-10-31T11:08:50","date_gmt":"2019-10-31T13:08:50","guid":{"rendered":"http:\/\/localhost\/wagner\/po-000080-uniodonto-campinas\/?page_id=244"},"modified":"2023-05-05T11:48:35","modified_gmt":"2023-05-05T14:48:35","slug":"junte-se-a-nos","status":"publish","type":"page","link":"https:\/\/www.uniodontocampinas.com.br\/site\/junte-se-a-nos\/","title":{"rendered":"Junte-se a n\u00f3s"},"content":{"rendered":"\n<p class=\"has-text-align-center\">Quer trabalhar no maior sistema de cooperativas odontol\u00f3gicas do mundo? Envie seu curr\u00edculo!<\/p>\n\n\n\n<div class=\"wp-block-cover is-light\" style=\"min-height:255px;aspect-ratio:unset;\"><span aria-hidden=\"true\" class=\"wp-block-cover__background has-background-dim-0 has-background-dim\"><\/span><div class=\"wp-block-cover__inner-container is-layout-flow wp-block-cover-is-layout-flow\">\n<div class=\"wp-block-group\"><div class=\"wp-block-group__inner-container is-layout-flow wp-block-group-is-layout-flow\">\n<div class=\"wp-block-columns is-layout-flex wp-container-core-columns-is-layout-9d6595d7 wp-block-columns-is-layout-flex\">\n<div class=\"wp-block-column is-layout-flow wp-block-column-is-layout-flow\" style=\"flex-basis:100%\">\n<div class=\"wp-block-columns is-layout-flex wp-container-core-columns-is-layout-9d6595d7 wp-block-columns-is-layout-flex\">\n<div class=\"wp-block-column is-layout-flow wp-block-column-is-layout-flow\">\n<p class=\"has-text-align-center\">Conhe\u00e7a nossas Oportunidades:<\/p>\n\n\n\n<div class=\"wp-block-buttons is-content-justification-center is-layout-flex wp-container-core-buttons-is-layout-16018d1d wp-block-buttons-is-layout-flex\">\n<div class=\"wp-block-button is-style-outline is-style-outline--1\"><a class=\"wp-block-button__link\" href=\"https:\/\/menvievagas.com.br\/vagas\/uniodontocampinas\" target=\"_blank\" rel=\"noreferrer noopener\">Vagas Abertas<\/a><\/div>\n<\/div>\n<\/div>\n\n\n\n<div class=\"wp-block-column is-layout-flow wp-block-column-is-layout-flow\">\n<p class=\"has-text-align-center\">Inscreva-se no nosso Banco de Talentos:<\/p>\n\n\n\n<div class=\"wp-block-buttons is-content-justification-center is-layout-flex wp-container-core-buttons-is-layout-16018d1d wp-block-buttons-is-layout-flex\">\n<div class=\"wp-block-button is-style-outline is-style-outline--2\"><a class=\"wp-block-button__link\" href=\"https:\/\/menvievagas.com.br\/cadastre-se\/uniodontocampinas\" target=\"_blank\" rel=\"noreferrer noopener\">Enviar Curr\u00edculo<\/a><\/div>\n<\/div>\n<\/div>\n<\/div>\n<\/div>\n<\/div>\n<\/div><\/div>\n<\/div><\/div>\n\n\n\n<div class=\"wp-block-columns is-layout-flex wp-container-core-columns-is-layout-9d6595d7 wp-block-columns-is-layout-flex\">\n<div class=\"wp-block-column is-layout-flow wp-block-column-is-layout-flow\" style=\"flex-basis:100%\"><\/div>\n<\/div>\n\n\n<div class=\"wp-block-image\">\n<figure class=\"aligncenter size-large is-resized\"><img decoding=\"async\" src=\"https:\/\/uniodontocampinas.com.br\/site\/wp-content\/uploads\/2021\/09\/Banner-site-v2-1024x166.png\" alt=\"Banner Diversidade\" class=\"wp-image-7181\" width=\"512\" height=\"83\" srcset=\"https:\/\/www.uniodontocampinas.com.br\/site\/wp-content\/uploads\/2021\/09\/Banner-site-v2-1024x166.png 1024w, https:\/\/www.uniodontocampinas.com.br\/site\/wp-content\/uploads\/2021\/09\/Banner-site-v2-300x49.png 300w, https:\/\/www.uniodontocampinas.com.br\/site\/wp-content\/uploads\/2021\/09\/Banner-site-v2-768x125.png 768w, https:\/\/www.uniodontocampinas.com.br\/site\/wp-content\/uploads\/2021\/09\/Banner-site-v2.png 1110w\" sizes=\"(max-width: 512px) 100vw, 512px\" \/><figcaption><br><center><font size=\"1\">A Uniodonto Campinas \u00e9 uma cooperativa que valoriza a diversidade no ambiente de trabalho, promovendo o respeito \u00e0 etnia, g\u00eanero, idade, religi\u00e3o, nacionalidade e estilo de vida de cada um. Buscamos gerar impacto positivo para os nossos clientes, colaboradores e sociedade, e sabemos que a inclus\u00e3o traz benef\u00edcios e ganhos que permitem nossa evolu\u00e7\u00e3o.<\/font><\/center><\/figcaption><\/figure>\n<\/div>\n\n\n<p><\/p>\n","protected":false},"excerpt":{"rendered":"<p>Quer trabalhar no maior sistema de cooperativas odontol\u00f3gicas do mundo? Envie seu curr\u00edculo!<\/p>\n","protected":false},"author":1,"featured_media":0,"parent":0,"menu_order":0,"comment_status":"closed","ping_status":"closed","template":"tpl-join-us.php","meta":{"_acf_changed":false,"inline_featured_image":false,"footnotes":""},"class_list":["post-244","page","type-page","status-publish","hentry"],"acf":[],"_links":{"self":[{"href":"https:\/\/www.uniodontocampinas.com.br\/site\/wp-json\/wp\/v2\/pages\/244","targetHints":{"allow":["GET"]}}],"collection":[{"href":"https:\/\/www.uniodontocampinas.com.br\/site\/wp-json\/wp\/v2\/pages"}],"about":[{"href":"https:\/\/www.uniodontocampinas.com.br\/site\/wp-json\/wp\/v2\/types\/page"}],"author":[{"embeddable":true,"href":"https:\/\/www.uniodontocampinas.com.br\/site\/wp-json\/wp\/v2\/users\/1"}],"replies":[{"embeddable":true,"href":"https:\/\/www.uniodontocampinas.com.br\/site\/wp-json\/wp\/v2\/comments?post=244"}],"version-history":[{"count":0,"href":"https:\/\/www.uniodontocampinas.com.br\/site\/wp-json\/wp\/v2\/pages\/244\/revisions"}],"wp:attachment":[{"href":"https:\/\/www.uniodontocampinas.com.br\/site\/wp-json\/wp\/v2\/media?parent=244"}],"curies":[{"name":"wp","href":"https:\/\/api.w.org\/{rel}","templated":true}]}}