{"id":150,"date":"2019-10-30T10:56:56","date_gmt":"2019-10-30T12:56:56","guid":{"rendered":"http:\/\/localhost\/wagner\/po-000080-uniodonto-campinas\/?page_id=150"},"modified":"2024-12-17T14:08:31","modified_gmt":"2024-12-17T17:08:31","slug":"quero-ser-cooperado","status":"publish","type":"page","link":"https:\/\/www.uniodontocampinas.com.br\/site\/quero-ser-cooperado\/","title":{"rendered":"Quero ser cooperado"},"content":{"rendered":"\n<div class=\"wp-block-columns has-2-columns is-layout-flex wp-container-core-columns-is-layout-9d6595d7 wp-block-columns-is-layout-flex\">\n<div class=\"wp-block-column is-layout-flow wp-block-column-is-layout-flow\">\n<p>Se voc\u00ea \u00e9 um cirurgi\u00e3o-dentista, venha fazer parte de nosso grupo e passe a usufruir das vantagens oferecidas aos profissionais que se associam, segundo os princ\u00edpios universais do cooperativismo, com o objetivo de propiciar melhor sa\u00fade bucal aos brasileiros por meio de assist\u00eancia odontol\u00f3gica de alta qualidade. A Uniodonto Campinas defende econ\u00f4mica e socialmente o cirurgi\u00e3o-dentista, por meio de: <\/p>\n\n\n\n<ul class=\"wp-block-list\">\n<li>Amplia\u00e7\u00e3o do mercado de trabalho;<\/li>\n\n\n\n<li>Fornecimento de material odontol\u00f3gico, a pre\u00e7os mais competitivos, em nossa loja;<\/li>\n\n\n\n<li>Fornecimento de servi\u00e7os da Uniodonto Seguros a pre\u00e7os mais acess\u00edveis;<\/li>\n\n\n\n<li>Intermedia\u00e7\u00e3o de conv\u00eanio m\u00e9dico (Unimed);<\/li>\n\n\n\n<li>Cursos de reciclagem e atualiza\u00e7\u00e3o profissional atrav\u00e9s do Programa de Educa\u00e7\u00e3o Continuada Educacoop;<\/li>\n\n\n\n<li>Parcerias com outras entidades cooperativas e educacionais atrav\u00e9s do programa Valorizacoop.<\/li>\n<\/ul>\n<\/div>\n\n\n\n<div class=\"wp-block-column is-layout-flow wp-block-column-is-layout-flow\">\n<figure class=\"wp-block-gallery has-nested-images columns-default is-cropped wp-block-gallery-1 is-layout-flex wp-block-gallery-is-layout-flex\">\n<figure class=\"wp-block-image size-large\"><img fetchpriority=\"high\" decoding=\"async\" width=\"627\" height=\"418\" data-id=\"434\" src=\"https:\/\/uniodontocampinas.com.br\/site\/wp-content\/uploads\/2019\/11\/quero-ser-cooperado.jpg\" alt=\"\" class=\"wp-image-434\" srcset=\"https:\/\/www.uniodontocampinas.com.br\/site\/wp-content\/uploads\/2019\/11\/quero-ser-cooperado.jpg 627w, https:\/\/www.uniodontocampinas.com.br\/site\/wp-content\/uploads\/2019\/11\/quero-ser-cooperado-300x200.jpg 300w\" sizes=\"(max-width: 627px) 100vw, 627px\" \/><\/figure>\n<\/figure>\n<\/div>\n<\/div>\n\n\n\n<h3 class=\"wp-block-heading has-text-align-center mt-5 text-color-primary\"><strong>Preencha a Ficha Proposta<\/strong><\/h3>\n\n\n\n<p class=\"has-text-align-center mt-3 text-color-primary\" style=\"font-size:14px\"><strong><a href=\"https:\/\/forms.office.com\/Pages\/ResponsePage.aspx?id=LxVdE9f8LUCwkseALwiPIDeOy6fWcAxCp8x1AltWt0FUOUw1UEhMQkdaVUY1NDQzWFZSQTA0TklNRy4u\">C<\/a><a href=\"https:\/\/forms.office.com\/r\/ffSD4fJdgG\" target=\"_blank\" rel=\"noreferrer noopener\">lique aqui para acessar<\/a><\/strong><br><br> Para mais informa\u00e7\u00f5es, ligue para o Departamento de Relacionamento com o Cooperado: <strong>0800 160 5555, op\u00e7\u00e3o 5<\/strong> ou envie um e-mail para: <strong>credenciamento@uniodontocampinas.com.br<\/strong><\/p>\n\n\n\n<p><\/p>\n","protected":false},"excerpt":{"rendered":"<p>Se voc\u00ea \u00e9 um cirurgi\u00e3o-dentista, venha fazer parte de nosso grupo e passe a usufruir das vantagens oferecidas aos profissionais que se associam, segundo os princ\u00edpios universais do cooperativismo, com o objetivo de propiciar melhor sa\u00fade bucal aos brasileiros por meio de assist\u00eancia odontol\u00f3gica de alta qualidade. A Uniodonto Campinas defende econ\u00f4mica e socialmente o [&hellip;]<\/p>\n","protected":false},"author":1,"featured_media":0,"parent":0,"menu_order":0,"comment_status":"closed","ping_status":"closed","template":"tpl-i-want-to-be-cooperated.php","meta":{"_acf_changed":false,"inline_featured_image":false,"footnotes":""},"class_list":["post-150","page","type-page","status-publish","hentry"],"acf":[],"_links":{"self":[{"href":"https:\/\/www.uniodontocampinas.com.br\/site\/wp-json\/wp\/v2\/pages\/150","targetHints":{"allow":["GET"]}}],"collection":[{"href":"https:\/\/www.uniodontocampinas.com.br\/site\/wp-json\/wp\/v2\/pages"}],"about":[{"href":"https:\/\/www.uniodontocampinas.com.br\/site\/wp-json\/wp\/v2\/types\/page"}],"author":[{"embeddable":true,"href":"https:\/\/www.uniodontocampinas.com.br\/site\/wp-json\/wp\/v2\/users\/1"}],"replies":[{"embeddable":true,"href":"https:\/\/www.uniodontocampinas.com.br\/site\/wp-json\/wp\/v2\/comments?post=150"}],"version-history":[{"count":4,"href":"https:\/\/www.uniodontocampinas.com.br\/site\/wp-json\/wp\/v2\/pages\/150\/revisions"}],"predecessor-version":[{"id":177346,"href":"https:\/\/www.uniodontocampinas.com.br\/site\/wp-json\/wp\/v2\/pages\/150\/revisions\/177346"}],"wp:attachment":[{"href":"https:\/\/www.uniodontocampinas.com.br\/site\/wp-json\/wp\/v2\/media?parent=150"}],"curies":[{"name":"wp","href":"https:\/\/api.w.org\/{rel}","templated":true}]}}