{"id":1388,"date":"2020-04-13T10:28:07","date_gmt":"2020-04-13T13:28:07","guid":{"rendered":"https:\/\/uniodontocampinas.com.br\/?page_id=1388"},"modified":"2025-12-05T09:17:55","modified_gmt":"2025-12-05T12:17:55","slug":"subsederibeirao","status":"publish","type":"page","link":"https:\/\/www.uniodontocampinas.com.br\/site\/subsederibeirao\/","title":{"rendered":"Subsede em Ribeir\u00e3o Preto"},"content":{"rendered":"\r\n<div class=\"wp-block-media-text alignwide has-media-on-the-right is-stacked-on-mobile wrapper-picture-and-options\" style=\"grid-template-columns:auto 32%\"><figure class=\"wp-block-media-text__media\"><img fetchpriority=\"high\" decoding=\"async\" width=\"1024\" height=\"683\" src=\"https:\/\/uniodontocampinas.com.br\/site\/wp-content\/uploads\/2020\/04\/IMG_6495-1-1024x683.jpg\" alt=\"\" class=\"wp-image-1391 size-full\"\/><\/figure><div class=\"wp-block-media-text__content\">\r\n<p>Fundada em 1981, <strong>a Uniodonto Ribeir\u00e3o \u00e9 a subsede da Uniodonto Campinas<\/strong>. Hoje, s\u00e3o mais de 150 cirurgi\u00f5es-dentistas cooperados atendendo na regi\u00e3o e mais de 20 mil benefici\u00e1rios.<\/p>\r\n\r\n\r\n\r\n<p> <img decoding=\"async\" width=\"41\" height=\"58\" class=\"wp-image-1407\" style=\"width: 20px; height: auto;\" src=\"https:\/\/uniodontocampinas.com.br\/site\/wp-content\/uploads\/2020\/04\/pin-icon.png\" alt=\"\"> Endere\u00e7o: Av. Nove de Julho, 1405 \u2013 Vila Seixas<\/p>\r\n\r\n\r\n\r\n<p><img decoding=\"async\" width=\"52\" height=\"53\" class=\"wp-image-1408\" style=\"width: 20px; height: auto;\" src=\"https:\/\/uniodontocampinas.com.br\/site\/wp-content\/uploads\/2020\/04\/on-call-24h-phone-icon.png\" alt=\"\"> Telefone: 0800 160 5555 | Plant\u00e3o: 0800 864 4357<\/p>\r\n\r\n\r\n\r\n<p><img loading=\"lazy\" decoding=\"async\" width=\"512\" height=\"512\" class=\"wp-image-1417\" style=\"width: 20px; height: auto\" src=\"https:\/\/uniodontocampinas.com.br\/site\/wp-content\/uploads\/2020\/04\/envelope.png\" alt=\"\" srcset=\"https:\/\/www.uniodontocampinas.com.br\/site\/wp-content\/uploads\/2020\/04\/envelope.png 512w, https:\/\/www.uniodontocampinas.com.br\/site\/wp-content\/uploads\/2020\/04\/envelope-150x150.png 150w, https:\/\/www.uniodontocampinas.com.br\/site\/wp-content\/uploads\/2020\/04\/envelope-300x300.png 300w\" sizes=\"(max-width: 512px) 100vw, 512px\" \/> E-mail: sac@uniodontocampinas.com.br<br><br><img loading=\"lazy\" decoding=\"async\" width=\"20\" height=\"20\" class=\"wp-image-3731\" style=\"width: 20px;\" src=\"https:\/\/uniodontocampinas.com.br\/site\/wp-content\/uploads\/2020\/11\/relogio-de-parede-de-formato-circular-1.png\" alt=\"\"> Atendimento: segunda a sexta das 08h \u00e0s 17h<\/p>\r\n<\/div><\/div>\r\n\r\n\r\n<div class=\"wp-block-image\">\r\n<figure class=\"aligncenter\"><img loading=\"lazy\" decoding=\"async\" width=\"115\" height=\"24\" src=\"https:\/\/uniodontocampinas.com.br\/site\/wp-content\/uploads\/2020\/04\/detail-bar.png\" alt=\"\" class=\"wp-image-1435\"\/><\/figure>\r\n<\/div>\r\n\r\n\r\n<div class=\"wp-block-columns is-layout-flex wp-container-core-columns-is-layout-9d6595d7 wp-block-columns-is-layout-flex\">\r\n<div class=\"wp-block-column is-layout-flow wp-block-column-is-layout-flow\">\r\n<p class=\"has-text-align-center\">Para atendimento de urg\u00eancia em Ribeir\u00e3o Preto, entre em contato em qualquer dia ou hor\u00e1rio:<\/p>\r\n\r\n\r\n\r\n<p class=\"has-text-align-center has-text-color\" style=\"color:#00a6b0;font-size:25px\"><strong>Plant\u00e3o 24h:<\/strong><\/p>\r\n\r\n\r\n\r\n<p class=\"has-text-align-center has-text-color\" style=\"color:#00a6b0;font-size:25px\">0800 864 4357<\/p>\r\n<\/div>\r\n\r\n\r\n\r\n<div class=\"wp-block-column is-layout-flow wp-block-column-is-layout-flow\">\r\n<p class=\"has-text-align-center\">Conte com uma equipe de odontopediatras para o atendimento de urg\u00eancia de crian\u00e7as. Clique abaixo:<\/p>\r\n\r\n\r\n<div class=\"wp-block-image\">\r\n<figure class=\"aligncenter size-large is-resized\"><a href=\"https:\/\/uniodontocampinas.com.br\/atendimento-kids\/\" target=\"_blank\" rel=\"noopener noreferrer\"><img loading=\"lazy\" decoding=\"async\" src=\"https:\/\/uniodontocampinas.com.br\/site\/wp-content\/uploads\/2021\/03\/atendimento-kids-1024x604.png\" alt=\"\" class=\"wp-image-4490\" width=\"126\" height=\"74\" srcset=\"https:\/\/www.uniodontocampinas.com.br\/site\/wp-content\/uploads\/2021\/03\/atendimento-kids-1024x604.png 1024w, https:\/\/www.uniodontocampinas.com.br\/site\/wp-content\/uploads\/2021\/03\/atendimento-kids-300x177.png 300w, https:\/\/www.uniodontocampinas.com.br\/site\/wp-content\/uploads\/2021\/03\/atendimento-kids-768x453.png 768w, https:\/\/www.uniodontocampinas.com.br\/site\/wp-content\/uploads\/2021\/03\/atendimento-kids-1536x906.png 1536w, https:\/\/www.uniodontocampinas.com.br\/site\/wp-content\/uploads\/2021\/03\/atendimento-kids-2048x1208.png 2048w\" sizes=\"(max-width: 126px) 100vw, 126px\" \/><\/a><\/figure>\r\n<\/div><\/div>\r\n<\/div>\r\n\r\n\r\n<div class=\"wp-block-image\">\r\n<figure class=\"aligncenter\"><img loading=\"lazy\" decoding=\"async\" width=\"115\" height=\"24\" src=\"https:\/\/uniodontocampinas.com.br\/site\/wp-content\/uploads\/2020\/04\/detail-bar.png\" alt=\"\" class=\"wp-image-1435\"\/><\/figure>\r\n<\/div>\r\n\r\n\r\n<p class=\"has-text-align-center\">Conhe\u00e7a outras <strong><a rel=\"noreferrer noopener\" aria-label=\" (abre numa nova aba)\" href=\"https:\/\/uniodontocampinas.com.br\/unidades-regionais\/\" target=\"_blank\">Unidades Regionais<\/a><\/strong> ou continue <strong><a href=\"https:\/\/uniodontocampinas.com.br\/\" target=\"_blank\" rel=\"noreferrer noopener\" aria-label=\" (abre numa nova aba)\">navegando no site<\/a><\/strong> para saber mais.<\/p>\r\n\r\n\r\n\r\n<p class=\"has-text-align-center\" style=\"font-size:10px\">Uniodonto Ribeir\u00e3o | CRO\/SP CL: 19441 | RT: No\u00eamia Luisa Pittelle &#8211; CRO: 64066<\/p>\r\n","protected":false},"excerpt":{"rendered":"<p>Fundada em 1981, a Uniodonto Ribeir\u00e3o \u00e9 a subsede da Uniodonto Campinas. Hoje, s\u00e3o mais de 150 cirurgi\u00f5es-dentistas cooperados atendendo na regi\u00e3o e mais de 20 mil benefici\u00e1rios. Endere\u00e7o: Av. Nove de Julho, 1405 \u2013 Vila Seixas Telefone: 0800 160 5555 | Plant\u00e3o: 0800 864 4357 E-mail: sac@uniodontocampinas.com.br Atendimento: segunda a sexta das 08h \u00e0s [&hellip;]<\/p>\n","protected":false},"author":1,"featured_media":0,"parent":0,"menu_order":0,"comment_status":"closed","ping_status":"closed","template":"","meta":{"_acf_changed":false,"inline_featured_image":false,"footnotes":""},"class_list":["post-1388","page","type-page","status-publish","hentry"],"acf":[],"_links":{"self":[{"href":"https:\/\/www.uniodontocampinas.com.br\/site\/wp-json\/wp\/v2\/pages\/1388","targetHints":{"allow":["GET"]}}],"collection":[{"href":"https:\/\/www.uniodontocampinas.com.br\/site\/wp-json\/wp\/v2\/pages"}],"about":[{"href":"https:\/\/www.uniodontocampinas.com.br\/site\/wp-json\/wp\/v2\/types\/page"}],"author":[{"embeddable":true,"href":"https:\/\/www.uniodontocampinas.com.br\/site\/wp-json\/wp\/v2\/users\/1"}],"replies":[{"embeddable":true,"href":"https:\/\/www.uniodontocampinas.com.br\/site\/wp-json\/wp\/v2\/comments?post=1388"}],"version-history":[{"count":4,"href":"https:\/\/www.uniodontocampinas.com.br\/site\/wp-json\/wp\/v2\/pages\/1388\/revisions"}],"predecessor-version":[{"id":278830,"href":"https:\/\/www.uniodontocampinas.com.br\/site\/wp-json\/wp\/v2\/pages\/1388\/revisions\/278830"}],"wp:attachment":[{"href":"https:\/\/www.uniodontocampinas.com.br\/site\/wp-json\/wp\/v2\/media?parent=1388"}],"curies":[{"name":"wp","href":"https:\/\/api.w.org\/{rel}","templated":true}]}}